{"id":325,"date":"2022-04-04T13:03:25","date_gmt":"2022-04-04T11:03:25","guid":{"rendered":"https:\/\/www.treenipankki.com\/?page_id=325"},"modified":"2022-04-04T13:04:32","modified_gmt":"2022-04-04T11:04:32","slug":"yhteystiedot","status":"publish","type":"page","link":"https:\/\/www.treenipankki.com\/index.php\/yhteystiedot\/","title":{"rendered":"Yhteystiedot"},"content":{"rendered":"\n<p class=\"has-large-font-size\"><span class=\"has-inline-color has-luminous-vivid-amber-color\">Osoite: Brahentie 16, 52300 Ristiina<\/span><\/p>\n\n\n\n<p class=\"has-medium-font-size\"><span class=\"has-inline-color has-luminous-vivid-amber-color\">Puh: 044 980 2411<\/span><\/p>\n\n\n\n<p class=\"has-medium-font-size\"><span class=\"has-inline-color has-luminous-vivid-amber-color\">S\u00e4hk\u00f6posti: info@treenipankki.com<\/span><\/p>\n\n\n\n<p class=\"has-luminous-vivid-amber-color has-text-color has-medium-font-size\">Avoinna 24\/7 kulkul\u00e4tk\u00e4ll\u00e4, henkil\u00f6kunta on paikalla vain erikseen sovitusti<\/p>\n\n\n\n<figure class=\"wp-block-image size-large\"><img loading=\"lazy\" width=\"1024\" height=\"929\" src=\"https:\/\/www.treenipankki.com\/wp-content\/uploads\/2022\/04\/KARTTA-1024x929.jpg\" alt=\"\" class=\"wp-image-326\" srcset=\"https:\/\/www.treenipankki.com\/wp-content\/uploads\/2022\/04\/KARTTA-1024x929.jpg 1024w, https:\/\/www.treenipankki.com\/wp-content\/uploads\/2022\/04\/KARTTA-300x272.jpg 300w, https:\/\/www.treenipankki.com\/wp-content\/uploads\/2022\/04\/KARTTA-768x697.jpg 768w, https:\/\/www.treenipankki.com\/wp-content\/uploads\/2022\/04\/KARTTA.jpg 1292w\" sizes=\"(max-width: 1024px) 100vw, 1024px\" \/><\/figure>\n\n\n\n<p><\/p>\n","protected":false},"excerpt":{"rendered":"<p>Osoite: Brahentie 16, 52300 Ristiina Puh: 044 980 2411 S\u00e4hk\u00f6posti: info@treenipankki.com Avoinna 24\/7 kulkul\u00e4tk\u00e4ll\u00e4, henkil\u00f6kunta on paikalla vain erikseen sovitusti<\/p>\n","protected":false},"author":1,"featured_media":0,"parent":0,"menu_order":0,"comment_status":"closed","ping_status":"closed","template":"","meta":[],"_links":{"self":[{"href":"https:\/\/www.treenipankki.com\/index.php\/wp-json\/wp\/v2\/pages\/325"}],"collection":[{"href":"https:\/\/www.treenipankki.com\/index.php\/wp-json\/wp\/v2\/pages"}],"about":[{"href":"https:\/\/www.treenipankki.com\/index.php\/wp-json\/wp\/v2\/types\/page"}],"author":[{"embeddable":true,"href":"https:\/\/www.treenipankki.com\/index.php\/wp-json\/wp\/v2\/users\/1"}],"replies":[{"embeddable":true,"href":"https:\/\/www.treenipankki.com\/index.php\/wp-json\/wp\/v2\/comments?post=325"}],"version-history":[{"count":2,"href":"https:\/\/www.treenipankki.com\/index.php\/wp-json\/wp\/v2\/pages\/325\/revisions"}],"predecessor-version":[{"id":329,"href":"https:\/\/www.treenipankki.com\/index.php\/wp-json\/wp\/v2\/pages\/325\/revisions\/329"}],"wp:attachment":[{"href":"https:\/\/www.treenipankki.com\/index.php\/wp-json\/wp\/v2\/media?parent=325"}],"curies":[{"name":"wp","href":"https:\/\/api.w.org\/{rel}","templated":true}]}}