{"id":66,"date":"2021-09-18T22:51:36","date_gmt":"2021-09-18T20:51:36","guid":{"rendered":"https:\/\/www.treenipankki.com\/?page_id=66"},"modified":"2026-05-08T11:24:04","modified_gmt":"2026-05-08T09:24:04","slug":"etusivu","status":"publish","type":"page","link":"https:\/\/www.treenipankki.com\/","title":{"rendered":"TREENIPANKKI &#8211; KUNTOSALI 24\/7 RISTIINA"},"content":{"rendered":"\n<p class=\"has-luminous-vivid-amber-color has-text-color has-medium-font-size\">Treenipankki &#8211; Kuntosali kaikille vasta-alkajista ammattilaisiin. Meill\u00e4 sijoitat itseesi, hyvinvointiisi ja kuntosi kasvaa korkojen kera!<\/p>\n\n\n\n<p class=\"has-medium-font-size\"><span class=\"has-inline-color has-luminous-vivid-amber-color\">Kuntosali on auki 24\/7 kulkul\u00e4tk\u00e4ll\u00e4 vuoden jokaisena p\u00e4iv\u00e4n\u00e4.<\/span> <span class=\"has-inline-color has-luminous-vivid-amber-color\">Henkil\u00f6kunta on paikalla vain sovitusti. Kuntosali toimii itsepalveluperiaattella.<\/span><\/p>\n\n\n\n<figure class=\"wp-block-image size-large\"><img loading=\"lazy\" width=\"1024\" height=\"1024\" src=\"https:\/\/www.treenipankki.com\/wp-content\/uploads\/2026\/05\/IG_NETTI_kuva-1024x1024.png\" alt=\"\" class=\"wp-image-571\" srcset=\"https:\/\/www.treenipankki.com\/wp-content\/uploads\/2026\/05\/IG_NETTI_kuva-1024x1024.png 1024w, https:\/\/www.treenipankki.com\/wp-content\/uploads\/2026\/05\/IG_NETTI_kuva-300x300.png 300w, https:\/\/www.treenipankki.com\/wp-content\/uploads\/2026\/05\/IG_NETTI_kuva-150x150.png 150w, https:\/\/www.treenipankki.com\/wp-content\/uploads\/2026\/05\/IG_NETTI_kuva-768x768.png 768w, https:\/\/www.treenipankki.com\/wp-content\/uploads\/2026\/05\/IG_NETTI_kuva.png 1254w\" sizes=\"(max-width: 1024px) 100vw, 1024px\" \/><\/figure>\n\n\n\n<p class=\"has-vivid-cyan-blue-color has-text-color has-large-font-size\"><a href=\"https:\/\/www.treenipankki.com\/index.php\/2021\/11\/15\/nain-hankit-treenipankin-jasenyyden\/\"><span class=\"has-inline-color has-vivid-cyan-blue-color\">N\u00e4in hankit Treenipankin j\u00e4senyyden<\/span>\/kertak\u00e4ynnin\/kymppikortin<\/a><\/p>\n\n\n\n<p class=\"has-luminous-vivid-amber-color has-text-color has-medium-font-size\"><span class=\"has-inline-color has-luminous-vivid-amber-color\">Kuvia kuntosalista l\u00f6yd\u00e4t <\/span><a href=\"https:\/\/www.treenipankki.com\/index.php\/kuntosali\/\"><span class=\"has-inline-color has-vivid-cyan-blue-color\">t\u00e4\u00e4lt\u00e4<\/span><\/a><\/p>\n\n\n\n<p class=\"has-vivid-cyan-blue-color has-text-color has-medium-font-size\"><a href=\"https:\/\/www.treenipankki.com\/index.php\/xcryo\/\">Mik\u00e4 on XCRYO<strong> ?<\/strong><\/a><\/p>\n\n\n\n<figure class=\"wp-block-image size-large\"><img loading=\"lazy\" width=\"1024\" height=\"724\" src=\"https:\/\/www.treenipankki.com\/wp-content\/uploads\/2024\/10\/XCRYO_NETTI2-1024x724.jpg\" alt=\"\" class=\"wp-image-463\" srcset=\"https:\/\/www.treenipankki.com\/wp-content\/uploads\/2024\/10\/XCRYO_NETTI2-1024x724.jpg 1024w, https:\/\/www.treenipankki.com\/wp-content\/uploads\/2024\/10\/XCRYO_NETTI2-300x212.jpg 300w, https:\/\/www.treenipankki.com\/wp-content\/uploads\/2024\/10\/XCRYO_NETTI2-768x543.jpg 768w, https:\/\/www.treenipankki.com\/wp-content\/uploads\/2024\/10\/XCRYO_NETTI2-1536x1086.jpg 1536w, https:\/\/www.treenipankki.com\/wp-content\/uploads\/2024\/10\/XCRYO_NETTI2-2048x1448.jpg 2048w\" sizes=\"(max-width: 1024px) 100vw, 1024px\" \/><\/figure>\n\n\n\n<figure class=\"wp-block-image size-full is-resized\"><img loading=\"lazy\" src=\"https:\/\/www.treenipankki.com\/wp-content\/uploads\/2021\/11\/mobilepay.jpg\" alt=\"\" class=\"wp-image-406\" width=\"284\" height=\"281\" srcset=\"https:\/\/www.treenipankki.com\/wp-content\/uploads\/2021\/11\/mobilepay.jpg 387w, https:\/\/www.treenipankki.com\/wp-content\/uploads\/2021\/11\/mobilepay-300x297.jpg 300w\" sizes=\"(max-width: 284px) 100vw, 284px\" \/><figcaption>Nyt voit maksaa meille my\u00f6s MobilePaylla<\/figcaption><\/figure>\n","protected":false},"excerpt":{"rendered":"<p>Treenipankki &#8211; Kuntosali kaikille vasta-alkajista ammattilaisiin. Meill\u00e4 sijoitat itseesi, hyvinvointiisi ja kuntosi kasvaa korkojen kera! Kuntosali on auki 24\/7 kulkul\u00e4tk\u00e4ll\u00e4 vuoden jokaisena p\u00e4iv\u00e4n\u00e4. Henkil\u00f6kunta on paikalla vain sovitusti. Kuntosali toimii itsepalveluperiaattella. N\u00e4in hankit Treenipankin j\u00e4senyyden\/kertak\u00e4ynnin\/kymppikortin Kuvia kuntosalista l\u00f6yd\u00e4t t\u00e4\u00e4lt\u00e4 Mik\u00e4 on XCRYO ?<\/p>\n","protected":false},"author":1,"featured_media":0,"parent":0,"menu_order":0,"comment_status":"closed","ping_status":"closed","template":"","meta":[],"_links":{"self":[{"href":"https:\/\/www.treenipankki.com\/index.php\/wp-json\/wp\/v2\/pages\/66"}],"collection":[{"href":"https:\/\/www.treenipankki.com\/index.php\/wp-json\/wp\/v2\/pages"}],"about":[{"href":"https:\/\/www.treenipankki.com\/index.php\/wp-json\/wp\/v2\/types\/page"}],"author":[{"embeddable":true,"href":"https:\/\/www.treenipankki.com\/index.php\/wp-json\/wp\/v2\/users\/1"}],"replies":[{"embeddable":true,"href":"https:\/\/www.treenipankki.com\/index.php\/wp-json\/wp\/v2\/comments?post=66"}],"version-history":[{"count":84,"href":"https:\/\/www.treenipankki.com\/index.php\/wp-json\/wp\/v2\/pages\/66\/revisions"}],"predecessor-version":[{"id":572,"href":"https:\/\/www.treenipankki.com\/index.php\/wp-json\/wp\/v2\/pages\/66\/revisions\/572"}],"wp:attachment":[{"href":"https:\/\/www.treenipankki.com\/index.php\/wp-json\/wp\/v2\/media?parent=66"}],"curies":[{"name":"wp","href":"https:\/\/api.w.org\/{rel}","templated":true}]}}